{"id":7300,"date":"2021-05-27T13:28:04","date_gmt":"2021-05-27T10:28:04","guid":{"rendered":"https:\/\/protrans.ee\/soelutud-kruus\/"},"modified":"2021-05-27T15:05:27","modified_gmt":"2021-05-27T12:05:27","slug":"soelutud-kruus","status":"publish","type":"page","link":"https:\/\/www.protrans.ee\/ru\/soelutud-kruus\/","title":{"rendered":"S\u00f5elutud kruus"},"content":{"rendered":"[vc_row type=&#187;full_width_content&#187; full_screen_row_position=&#187;middle&#187; column_margin=&#187;default&#187; equal_height=&#187;yes&#187; content_placement=&#187;top&#187; column_direction=&#187;default&#187; column_direction_tablet=&#187;default&#187; column_direction_phone=&#187;default&#187; scene_position=&#187;center&#187; text_color=&#187;dark&#187; text_align=&#187;left&#187; row_border_radius=&#187;none&#187; row_border_radius_applies=&#187;bg&#187; overlay_strength=&#187;0.3&#8243; gradient_direction=&#187;left_to_right&#187; shape_divider_position=&#187;bottom&#187; bg_image_animation=&#187;none&#187; shape_type=&#187;&#187;][vc_column column_padding=&#187;padding-5-percent&#187; column_padding_tablet=&#187;inherit&#187; column_padding_phone=&#187;inherit&#187; column_padding_position=&#187;all&#187; background_color=&#187;#f0f0f0&#8243; background_color_opacity=&#187;1&#8243; background_color_hover=&#187;#f0f0f0&#8243; background_hover_color_opacity=&#187;1&#8243; column_shadow=&#187;none&#187; column_border_radius=&#187;none&#187; column_link_target=&#187;_self&#187; gradient_direction=&#187;left_to_right&#187; overlay_strength=&#187;0.3&#8243; width=&#187;2\/3&#8243; tablet_width_inherit=&#187;default&#187; tablet_text_alignment=&#187;default&#187; phone_text_alignment=&#187;default&#187; column_border_width=&#187;none&#187; column_border_color=&#187;#ffffff&#187; column_border_style=&#187;solid&#187; bg_image_animation=&#187;none&#187;][vc_column_text]\n<h1>S\u00f5elutud kruus<\/h1>\n<p>S\u00f5elutud kruus saadakse loodusliku kruusa s\u00f5elumisel ning see ei sisalda purustatud kivi ega siduvat savi. S\u00f5elutud kruusa kasutatakse peamiselt kattematerjalina v\u00e4iksema koormusega teedel v\u00f5i t\u00e4itematerjalina tee kattekihi all.[\/vc_column_text][nectar_btn size=&#187;jumbo&#187; button_style=&#187;regular&#187; button_color_2=&#187;Accent-Color&#187; icon_family=&#187;default_arrow&#187; text=&#187;Telli materjal&#187; margin_top=&#187;10&#8243; margin_bottom=&#187;10&#8243; url=&#187;https:\/\/protrans.ee&#187;][\/vc_column][vc_column column_padding=&#187;padding-5-percent&#187; column_padding_tablet=&#187;inherit&#187; column_padding_phone=&#187;inherit&#187; column_padding_position=&#187;all&#187; background_color=&#187;#02b05a&#187; background_color_opacity=&#187;1&#8243; background_hover_color_opacity=&#187;1&#8243; font_color=&#187;#ffffff&#187; column_shadow=&#187;none&#187; column_border_radius=&#187;none&#187; column_link_target=&#187;_self&#187; gradient_direction=&#187;left_to_right&#187; overlay_strength=&#187;0.3&#8243; width=&#187;1\/3&#8243; tablet_width_inherit=&#187;default&#187; tablet_text_alignment=&#187;default&#187; phone_text_alignment=&#187;default&#187; column_border_width=&#187;none&#187; column_border_color=&#187;#ffffff&#187; column_border_style=&#187;solid&#187; bg_image_animation=&#187;none&#187; offset=&#187;vc_hidden-sm vc_hidden-xs&#187;][vc_column_text]\n<div id=\"text-5\" class=\"widget widget_text\">\n<h1><span style=\"color: #ffffff;\">Tellimine<\/span><\/h1>\n<div class=\"textwidget\">\n<p><span style=\"color: #ffffff;\">K\u00fcsimuste korral helistage telefonil <a style=\"color: #ffffff;\" href=\"tel:+37251234567\"><strong>+372 5123 4567<\/strong><\/a>\u00a0v\u00f5i saatke meile kiri\u00a0<\/span><span style=\"color: #ffffff;\"><a style=\"color: #ffffff;\" href=\"mailto:info@protrans.ee\"><strong>info@protrans.ee<\/strong><\/a><\/span><\/p>\n<\/div>\n<\/div>\n[\/vc_column_text][vc_column_text]\n<div id=\"text-5\" class=\"widget widget_text\"><\/div>\n<div id=\"text-6\" class=\"widget widget_text\">\n<h4><span style=\"color: #ffffff;\">Kruus<\/span><\/h4>\n<div class=\"menu-kruus-container\">\n<p><span style=\"color: #ffffff;\"><a style=\"color: #ffffff;\" href=\"https:\/\/protrans.ee\/looduslik-kruus\/\">Looduslik kruus<\/a><\/span><br \/>\n<span style=\"color: #ffffff;\"><a style=\"color: #ffffff;\" href=\"https:\/\/protrans.ee\/purustatud-kruus\/\">Purustatud kruus<\/a><\/span><br \/>\n<span style=\"color: #ffffff;\"><a style=\"color: #ffffff;\" href=\"https:\/\/protrans.ee\/soelutud-kruus\/\">S\u00f5elutud kruus<\/a><\/span><\/p>\n<\/div>\n<\/div>\n[\/vc_column_text][divider line_type=&#187;No Line&#187; custom_height=&#187;10&#8243;][vc_column_text]\n<div id=\"text-5\" class=\"widget widget_text\">\n<div class=\"textwidget\">\n<h4><span style=\"color: #ffffff;\">Protransport O\u00dc<\/span><\/h4>\n<div class=\"textwidget\">\n<p><span style=\"color: #ffffff;\">Registrikood:\u00a016101571<\/span><br \/>\n<span style=\"color: #ffffff;\">KMKR: EE102310779<\/span><br \/>\n<span style=\"color: #ffffff;\">Juhkentali 46, Tallinn<\/span><br \/>\n<span style=\"color: #ffffff;\">Harjumaa, Eesti 10132<\/span><\/p>\n<\/div>\n<\/div>\n<\/div>\n[\/vc_column_text][\/vc_column][\/vc_row][vc_row type=&#187;full_width_background&#187; full_screen_row_position=&#187;middle&#187; column_margin=&#187;default&#187; equal_height=&#187;yes&#187; content_placement=&#187;middle&#187; column_direction=&#187;default&#187; column_direction_tablet=&#187;default&#187; column_direction_phone=&#187;default&#187; scene_position=&#187;center&#187; top_padding=&#187;5%&#187; bottom_padding=&#187;5%&#187; text_color=&#187;dark&#187; text_align=&#187;left&#187; row_border_radius=&#187;none&#187; row_border_radius_applies=&#187;bg&#187; id=&#187;steps&#187; row_name=&#187;Sign Up Steps&#187; overlay_strength=&#187;0.3&#8243; gradient_direction=&#187;left_to_right&#187; shape_divider_position=&#187;bottom&#187; bg_image_animation=&#187;none&#187; shape_type=&#187;&#187;][vc_column column_padding=&#187;padding-5-percent&#187; column_padding_tablet=&#187;inherit&#187; column_padding_phone=&#187;inherit&#187; column_padding_position=&#187;all&#187; background_color_opacity=&#187;1&#8243; background_hover_color_opacity=&#187;1&#8243; column_shadow=&#187;none&#187; column_border_radius=&#187;none&#187; column_link_target=&#187;_self&#187; gradient_direction=&#187;left_to_right&#187; overlay_strength=&#187;0.3&#8243; width=&#187;1\/12&#8243; tablet_width_inherit=&#187;default&#187; tablet_text_alignment=&#187;default&#187; phone_text_alignment=&#187;default&#187; column_border_width=&#187;none&#187; column_border_style=&#187;solid&#187; bg_image_animation=&#187;none&#187;][\/vc_column][vc_column column_padding=&#187;padding-3-percent&#187; column_padding_tablet=&#187;inherit&#187; column_padding_phone=&#187;inherit&#187; column_padding_position=&#187;all&#187; background_color_opacity=&#187;1&#8243; background_hover_color_opacity=&#187;1&#8243; column_shadow=&#187;none&#187; column_border_radius=&#187;none&#187; column_link_target=&#187;_self&#187; gradient_direction=&#187;left_to_right&#187; overlay_strength=&#187;0.3&#8243; width=&#187;5\/12&#8243; tablet_width_inherit=&#187;default&#187; tablet_text_alignment=&#187;default&#187; phone_text_alignment=&#187;default&#187; column_border_width=&#187;none&#187; column_border_style=&#187;solid&#187; bg_image_animation=&#187;none&#187; offset=&#187;vc_hidden-sm vc_col-xs-12 vc_hidden-xs&#187;][image_with_animation image_url=&#187;6961&#8243; animation=&#187;Fade In From Left&#187; hover_animation=&#187;none&#187; alignment=&#187;&#187; border_radius=&#187;none&#187; box_shadow=&#187;none&#187; image_loading=&#187;default&#187; max_width=&#187;100%&#187; max_width_mobile=&#187;default&#187;][\/vc_column][vc_column column_padding=&#187;padding-2-percent&#187; column_padding_tablet=&#187;inherit&#187; column_padding_phone=&#187;inherit&#187; column_padding_position=&#187;all&#187; background_color_opacity=&#187;1&#8243; background_hover_color_opacity=&#187;1&#8243; column_shadow=&#187;none&#187; column_border_radius=&#187;none&#187; column_link_target=&#187;_self&#187; gradient_direction=&#187;left_to_right&#187; overlay_strength=&#187;0.3&#8243; width=&#187;5\/12&#8243; tablet_width_inherit=&#187;default&#187; tablet_text_alignment=&#187;default&#187; phone_text_alignment=&#187;default&#187; column_border_width=&#187;none&#187; column_border_style=&#187;solid&#187; bg_image_animation=&#187;none&#187; offset=&#187;vc_col-xs-12&#8243;][nectar_icon_list animate=&#187;true&#187; color=&#187;default&#187; direction=&#187;vertical&#187; icon_size=&#187;large&#187; icon_style=&#187;border&#187;][nectar_icon_list_item icon_type=&#187;numerical&#187; title=&#187;List Item&#187; id=&#187;1622117103704-5&#8243; header=&#187;Tellimus ja maksmine&#187; text=&#187;Meie online-tellimiss\u00fcsteem garanteerib Harjumaa parimad hinnad killustikule, liivale ja mullale. Tasumise j\u00e4rgselt laekub tellimus meie s\u00fcsteemi.&#187; tab_id=&#187;1622117103705-2&#8243;] [\/nectar_icon_list_item][nectar_icon_list_item icon_type=&#187;numerical&#187; title=&#187;List Item&#187; id=&#187;1622117103749-6&#8243; header=&#187;Koorem teel&#187; text=&#187;Kui tellimus on k\u00e4es, alustame selle t\u00e4itmist: esmalt v\u00f5tame teiega \u00fcksikasjade t\u00e4psustamiseks \u00fchendust, seej\u00e4rel toimub koorma pealelaadimine ning s\u00f5it sihtkohta. Enne kohalej\u00f5udmist helistab juht teile \u00fcle ning teavitab t\u00e4pse kohalej\u00f5udmise kellaaja.&#187; tab_id=&#187;1622117103749-6&#8243;] [\/nectar_icon_list_item][nectar_icon_list_item icon_type=&#187;numerical&#187; title=&#187;List Item&#187; id=&#187;1622117103776-1&#8243; header=&#187;Koorem kohal!&#187; text=&#187;Enne auto j\u00f5udmist saate mahalaadimise koha ette valmistada. Kindlasti j\u00e4lgige, et suurele ja raskele autole oleks piisavalt man\u00f6\u00f6verdusruumi. Kui mahalaadimine on edukas ja koorem kenasti hoovis, siis soovime j\u00f5udu t\u00f6\u00f6le ja j\u00e4rgmiste tellimusteni! :)&#187; tab_id=&#187;1622117103776-4&#8243;][\/nectar_icon_list_item][\/nectar_icon_list][\/vc_column][vc_column column_padding=&#187;no-extra-padding&#187; column_padding_tablet=&#187;inherit&#187; column_padding_phone=&#187;inherit&#187; column_padding_position=&#187;all&#187; background_color_opacity=&#187;1&#8243; background_hover_color_opacity=&#187;1&#8243; column_shadow=&#187;none&#187; column_border_radius=&#187;none&#187; column_link_target=&#187;_self&#187; gradient_direction=&#187;left_to_right&#187; overlay_strength=&#187;0.3&#8243; width=&#187;1\/12&#8243; tablet_width_inherit=&#187;default&#187; tablet_text_alignment=&#187;default&#187; phone_text_alignment=&#187;default&#187; column_border_width=&#187;none&#187; column_border_style=&#187;solid&#187; bg_image_animation=&#187;none&#187;][\/vc_column][\/vc_row]\n","protected":false},"excerpt":{"rendered":"<p>[vc_row type=&#187;full_width_content&#187; full_screen_row_position=&#187;middle&#187; column_margin=&#187;default&#187; equal_height=&#187;yes&#187; content_placement=&#187;top&#187; column_direction=&#187;default&#187; column_direction_tablet=&#187;default&#187; column_direction_phone=&#187;default&#187; scene_position=&#187;center&#187; text_color=&#187;dark&#187; text_align=&#187;left&#187; row_border_radius=&#187;none&#187; row_border_radius_applies=&#187;bg&#187; overlay_strength=&#187;0.3&#8243; gradient_direction=&#187;left_to_right&#187; shape_divider_position=&#187;bottom&#187; bg_image_animation=&#187;none&#187; shape_type=&#187;&#187;][vc_column column_padding=&#187;padding-5-percent&#187; column_padding_tablet=&#187;inherit&#187; column_padding_phone=&#187;inherit&#187; column_padding_position=&#187;all&#187; background_color=&#187;#f0f0f0&#8243; background_color_opacity=&#187;1&#8243; background_color_hover=&#187;#f0f0f0&#8243; background_hover_color_opacity=&#187;1&#8243; column_shadow=&#187;none&#187; column_border_radius=&#187;none&#187; column_link_target=&#187;_self&#187;&#8230;<\/p>\n","protected":false},"author":5,"featured_media":0,"parent":0,"menu_order":0,"comment_status":"closed","ping_status":"closed","template":"","meta":{"footnotes":""},"yoast_head":"<!-- This site is optimized with the Yoast SEO plugin v22.6 - https:\/\/yoast.com\/wordpress\/plugins\/seo\/ -->\n<title>S\u00f5elutud kruus &#8211; Protransport<\/title>\n<meta name=\"robots\" content=\"index, follow, max-snippet:-1, max-image-preview:large, max-video-preview:-1\" \/>\n<link rel=\"canonical\" href=\"https:\/\/www.protrans.ee\/ru\/soelutud-kruus\/\" \/>\n<meta property=\"og:locale\" content=\"ru_RU\" \/>\n<meta property=\"og:type\" content=\"article\" \/>\n<meta property=\"og:title\" content=\"S\u00f5elutud kruus &#8211; Protransport\" \/>\n<meta property=\"og:description\" content=\"[vc_row type=&#187;full_width_content&#187; full_screen_row_position=&#187;middle&#187; column_margin=&#187;default&#187; equal_height=&#187;yes&#187; content_placement=&#187;top&#187; column_direction=&#187;default&#187; column_direction_tablet=&#187;default&#187; column_direction_phone=&#187;default&#187; scene_position=&#187;center&#187; text_color=&#187;dark&#187; text_align=&#187;left&#187; row_border_radius=&#187;none&#187; row_border_radius_applies=&#187;bg&#187; overlay_strength=&#187;0.3&#8243; gradient_direction=&#187;left_to_right&#187; shape_divider_position=&#187;bottom&#187; bg_image_animation=&#187;none&#187; shape_type=&#187;&#187;][vc_column column_padding=&#187;padding-5-percent&#187; column_padding_tablet=&#187;inherit&#187; column_padding_phone=&#187;inherit&#187; column_padding_position=&#187;all&#187; background_color=&#187;#f0f0f0&#8243; background_color_opacity=&#187;1&#8243; background_color_hover=&#187;#f0f0f0&#8243; background_hover_color_opacity=&#187;1&#8243; column_shadow=&#187;none&#187; column_border_radius=&#187;none&#187; column_link_target=&#187;_self&#187;...\" \/>\n<meta property=\"og:url\" content=\"https:\/\/www.protrans.ee\/ru\/soelutud-kruus\/\" \/>\n<meta property=\"og:site_name\" content=\"Protransport\" \/>\n<meta property=\"article:modified_time\" content=\"2021-05-27T12:05:27+00:00\" \/>\n<meta name=\"twitter:card\" content=\"summary_large_image\" \/>\n<meta name=\"twitter:label1\" content=\"\u041f\u0440\u0438\u043c\u0435\u0440\u043d\u043e\u0435 \u0432\u0440\u0435\u043c\u044f \u0434\u043b\u044f \u0447\u0442\u0435\u043d\u0438\u044f\" \/>\n\t<meta name=\"twitter:data1\" content=\"5 \u043c\u0438\u043d\u0443\u0442\" \/>\n<script type=\"application\/ld+json\" class=\"yoast-schema-graph\">{\"@context\":\"https:\/\/schema.org\",\"@graph\":[{\"@type\":\"WebPage\",\"@id\":\"https:\/\/www.protrans.ee\/ru\/soelutud-kruus\/\",\"url\":\"https:\/\/www.protrans.ee\/ru\/soelutud-kruus\/\",\"name\":\"S\u00f5elutud kruus &#8211; Protransport\",\"isPartOf\":{\"@id\":\"https:\/\/www.protrans.ee\/#website\"},\"datePublished\":\"2021-05-27T10:28:04+00:00\",\"dateModified\":\"2021-05-27T12:05:27+00:00\",\"breadcrumb\":{\"@id\":\"https:\/\/www.protrans.ee\/ru\/soelutud-kruus\/#breadcrumb\"},\"inLanguage\":\"ru-RU\",\"potentialAction\":[{\"@type\":\"ReadAction\",\"target\":[\"https:\/\/www.protrans.ee\/ru\/soelutud-kruus\/\"]}]},{\"@type\":\"BreadcrumbList\",\"@id\":\"https:\/\/www.protrans.ee\/ru\/soelutud-kruus\/#breadcrumb\",\"itemListElement\":[{\"@type\":\"ListItem\",\"position\":1,\"name\":\"Home\",\"item\":\"https:\/\/www.protrans.ee\/ru\/\"},{\"@type\":\"ListItem\",\"position\":2,\"name\":\"S\u00f5elutud kruus\"}]},{\"@type\":\"WebSite\",\"@id\":\"https:\/\/www.protrans.ee\/#website\",\"url\":\"https:\/\/www.protrans.ee\/\",\"name\":\"Protransport\",\"description\":\"Puistematerjalide m\u00fc\u00fck ja transport\",\"potentialAction\":[{\"@type\":\"SearchAction\",\"target\":{\"@type\":\"EntryPoint\",\"urlTemplate\":\"https:\/\/www.protrans.ee\/?s={search_term_string}\"},\"query-input\":\"required name=search_term_string\"}],\"inLanguage\":\"ru-RU\"}]}<\/script>\n<!-- \/ Yoast SEO plugin. -->","yoast_head_json":{"title":"S\u00f5elutud kruus &#8211; Protransport","robots":{"index":"index","follow":"follow","max-snippet":"max-snippet:-1","max-image-preview":"max-image-preview:large","max-video-preview":"max-video-preview:-1"},"canonical":"https:\/\/www.protrans.ee\/ru\/soelutud-kruus\/","og_locale":"ru_RU","og_type":"article","og_title":"S\u00f5elutud kruus &#8211; Protransport","og_description":"[vc_row type=&#187;full_width_content&#187; full_screen_row_position=&#187;middle&#187; column_margin=&#187;default&#187; equal_height=&#187;yes&#187; content_placement=&#187;top&#187; column_direction=&#187;default&#187; column_direction_tablet=&#187;default&#187; column_direction_phone=&#187;default&#187; scene_position=&#187;center&#187; text_color=&#187;dark&#187; text_align=&#187;left&#187; row_border_radius=&#187;none&#187; row_border_radius_applies=&#187;bg&#187; overlay_strength=&#187;0.3&#8243; gradient_direction=&#187;left_to_right&#187; shape_divider_position=&#187;bottom&#187; bg_image_animation=&#187;none&#187; shape_type=&#187;&#187;][vc_column column_padding=&#187;padding-5-percent&#187; column_padding_tablet=&#187;inherit&#187; column_padding_phone=&#187;inherit&#187; column_padding_position=&#187;all&#187; background_color=&#187;#f0f0f0&#8243; background_color_opacity=&#187;1&#8243; background_color_hover=&#187;#f0f0f0&#8243; background_hover_color_opacity=&#187;1&#8243; column_shadow=&#187;none&#187; column_border_radius=&#187;none&#187; column_link_target=&#187;_self&#187;...","og_url":"https:\/\/www.protrans.ee\/ru\/soelutud-kruus\/","og_site_name":"Protransport","article_modified_time":"2021-05-27T12:05:27+00:00","twitter_card":"summary_large_image","twitter_misc":{"\u041f\u0440\u0438\u043c\u0435\u0440\u043d\u043e\u0435 \u0432\u0440\u0435\u043c\u044f \u0434\u043b\u044f \u0447\u0442\u0435\u043d\u0438\u044f":"5 \u043c\u0438\u043d\u0443\u0442"},"schema":{"@context":"https:\/\/schema.org","@graph":[{"@type":"WebPage","@id":"https:\/\/www.protrans.ee\/ru\/soelutud-kruus\/","url":"https:\/\/www.protrans.ee\/ru\/soelutud-kruus\/","name":"S\u00f5elutud kruus &#8211; Protransport","isPartOf":{"@id":"https:\/\/www.protrans.ee\/#website"},"datePublished":"2021-05-27T10:28:04+00:00","dateModified":"2021-05-27T12:05:27+00:00","breadcrumb":{"@id":"https:\/\/www.protrans.ee\/ru\/soelutud-kruus\/#breadcrumb"},"inLanguage":"ru-RU","potentialAction":[{"@type":"ReadAction","target":["https:\/\/www.protrans.ee\/ru\/soelutud-kruus\/"]}]},{"@type":"BreadcrumbList","@id":"https:\/\/www.protrans.ee\/ru\/soelutud-kruus\/#breadcrumb","itemListElement":[{"@type":"ListItem","position":1,"name":"Home","item":"https:\/\/www.protrans.ee\/ru\/"},{"@type":"ListItem","position":2,"name":"S\u00f5elutud kruus"}]},{"@type":"WebSite","@id":"https:\/\/www.protrans.ee\/#website","url":"https:\/\/www.protrans.ee\/","name":"Protransport","description":"Puistematerjalide m\u00fc\u00fck ja transport","potentialAction":[{"@type":"SearchAction","target":{"@type":"EntryPoint","urlTemplate":"https:\/\/www.protrans.ee\/?s={search_term_string}"},"query-input":"required name=search_term_string"}],"inLanguage":"ru-RU"}]}},"_links":{"self":[{"href":"https:\/\/www.protrans.ee\/ru\/wp-json\/wp\/v2\/pages\/7300"}],"collection":[{"href":"https:\/\/www.protrans.ee\/ru\/wp-json\/wp\/v2\/pages"}],"about":[{"href":"https:\/\/www.protrans.ee\/ru\/wp-json\/wp\/v2\/types\/page"}],"author":[{"embeddable":true,"href":"https:\/\/www.protrans.ee\/ru\/wp-json\/wp\/v2\/users\/5"}],"replies":[{"embeddable":true,"href":"https:\/\/www.protrans.ee\/ru\/wp-json\/wp\/v2\/comments?post=7300"}],"version-history":[{"count":1,"href":"https:\/\/www.protrans.ee\/ru\/wp-json\/wp\/v2\/pages\/7300\/revisions"}],"predecessor-version":[{"id":7401,"href":"https:\/\/www.protrans.ee\/ru\/wp-json\/wp\/v2\/pages\/7300\/revisions\/7401"}],"wp:attachment":[{"href":"https:\/\/www.protrans.ee\/ru\/wp-json\/wp\/v2\/media?parent=7300"}],"curies":[{"name":"wp","href":"https:\/\/api.w.org\/{rel}","templated":true}]}}